{"id":83,"date":"2023-06-20T13:42:24","date_gmt":"2023-06-20T13:42:24","guid":{"rendered":"https:\/\/laughing-turing.176-102-65-245.plesk.page\/?page_id=83"},"modified":"2023-12-20T08:30:47","modified_gmt":"2023-12-20T08:30:47","slug":"kontakty","status":"publish","type":"page","link":"https:\/\/laughing-turing.176-102-65-245.plesk.page\/?page_id=83","title":{"rendered":"Kontakty"},"content":{"rendered":"<p>[et_pb_section fb_built=&#8220;1&#8243; _builder_version=&#8220;4.21.0&#8243; _module_preset=&#8220;default&#8220; background_image=&#8220;https:\/\/laughing-turing.176-102-65-245.plesk.page\/wp-content\/uploads\/2023\/12\/pozadi-hlavicka.jpg&#8220; min_height=&#8220;522px&#8220; height=&#8220;522px&#8220; custom_margin=&#8220;||18px|||&#8220; custom_padding=&#8220;||587px|||&#8220; hover_enabled=&#8220;0&#8243; global_colors_info=&#8220;{}&#8220; title_text=&#8220;pozadi-hlavicka&#8220; sticky_enabled=&#8220;0&#8243;][\/et_pb_section][et_pb_section fb_built=&#8220;1&#8243; _builder_version=&#8220;4.21.0&#8243; _module_preset=&#8220;default&#8220; custom_margin=&#8220;-75px||-75px||true|&#8220; custom_padding=&#8220;0px||0px|||&#8220; global_colors_info=&#8220;{}&#8220;][et_pb_row _builder_version=&#8220;4.21.0&#8243; _module_preset=&#8220;default&#8220; global_colors_info=&#8220;{}&#8220;][et_pb_column type=&#8220;4_4&#8243; _builder_version=&#8220;4.21.0&#8243; _module_preset=&#8220;default&#8220; global_colors_info=&#8220;{}&#8220;][et_pb_text _builder_version=&#8220;4.21.0&#8243; _module_preset=&#8220;default&#8220; text_font=&#8220;|800|||||||&#8220; text_text_color=&#8220;#E09900&#8243; text_font_size=&#8220;30px&#8220; global_colors_info=&#8220;{}&#8220;]<\/p>\n<p>KONTAKTY<\/p>\n<p>[\/et_pb_text][\/et_pb_column][\/et_pb_row][\/et_pb_section][et_pb_section fb_built=&#8220;1&#8243; _builder_version=&#8220;4.21.0&#8243; _module_preset=&#8220;default&#8220; global_colors_info=&#8220;{}&#8220;][et_pb_row column_structure=&#8220;2_5,3_5&#8243; _builder_version=&#8220;4.21.0&#8243; _module_preset=&#8220;default&#8220; custom_padding=&#8220;68px|||||&#8220; global_colors_info=&#8220;{}&#8220;][et_pb_column type=&#8220;2_5&#8243; _builder_version=&#8220;4.21.0&#8243; _module_preset=&#8220;default&#8220; global_colors_info=&#8220;{}&#8220;][et_pb_text _builder_version=&#8220;4.21.0&#8243; _module_preset=&#8220;default&#8220; custom_padding=&#8220;0px|||||&#8220; global_colors_info=&#8220;{}&#8220;]<\/p>\n<p><strong>Adresa:<\/strong><\/p>\n<p style=\"padding-left: 40px;\">Ing. Milan \u0160\u0165ov\u00ed\u010dek<br \/>Horn\u00ed Pl\u00e1\u0148ava 263<br \/>Bo\u0161ovice 683 54<\/p>\n<p style=\"padding-left: 40px;\">Pro HAM v\u00edce\u00a0 <a href=\"https:\/\/www.qrz.com\/db\/OK2STM\" target=\"_blank\" rel=\"noopener\" title=\"Vstup na QRZ.COM\">ZDE<\/a><\/p>\n<p><strong>Datovka priv\u00e1t: <\/strong><\/p>\n<p style=\"padding-left: 40px;\">psyfxc3<\/p>\n<p><strong>E-mail: <\/strong><\/p>\n<p style=\"padding-left: 40px;\">milan.stovicek@email.cz<br \/>info@laughing-turing.176-102-65-245.plesk.page<\/p>\n<p>\u00a0<strong>OSV\u010c:<\/strong><\/p>\n<p style=\"padding-left: 40px;\">I\u010c: <strong>08873143<\/strong><br \/>DI\u010c: nejsem pl\u00e1tce DPH<br \/>Datovka: <strong>vn9rsdc<\/strong><\/p>\n<p>&nbsp;<\/p>\n<p>&nbsp;<\/p>\n<p>&nbsp;<\/p>\n<p>[\/et_pb_text][\/et_pb_column][et_pb_column type=&#8220;3_5&#8243; _builder_version=&#8220;4.21.0&#8243; _module_preset=&#8220;default&#8220; global_colors_info=&#8220;{}&#8220;][et_pb_code _builder_version=&#8220;4.21.0&#8243; _module_preset=&#8220;default&#8220; global_colors_info=&#8220;{}&#8220;]<iframe src=\"https:\/\/www.google.com\/maps\/embed?pb=!1m18!1m12!1m3!1d2615.09325183693!2d16.8379592767646!3d49.04685048742506!2m3!1f0!2f0!3f0!3m2!1i1024!2i768!4f13.1!3m3!1m2!1s0x4712dcb80cfeae17%3A0x9a8890c65845cea2!2zSG9ybsOtIFBsw6HFiGF2YSAyNjMsIDY4MyA1NCBCb8Whb3ZpY2UtT3RuaWNl!5e0!3m2!1scs!2scz!4v1702894398115!5m2!1scs!2scz\" width=\"600\" height=\"450\" style=\"border:0;\" allowfullscreen=\"\" loading=\"lazy\" referrerpolicy=\"no-referrer-when-downgrade\"><\/iframe>[\/et_pb_code][\/et_pb_column][\/et_pb_row][\/et_pb_section]<\/p>\n","protected":false},"excerpt":{"rendered":"<p>KONTAKTYAdresa: Ing. Milan \u0160\u0165ov\u00ed\u010dekHorn\u00ed Pl\u00e1\u0148ava 263Bo\u0161ovice 683 54 Pro HAM v\u00edce\u00a0 ZDE Datovka priv\u00e1t: psyfxc3 E-mail: milan.stovicek@email.czinfo@laughing-turing.176-102-65-245.plesk.page \u00a0OSV\u010c: I\u010c: 08873143DI\u010c: nejsem pl\u00e1tce DPHDatovka: vn9rsdc &nbsp; &nbsp; &nbsp;<\/p>\n","protected":false},"author":1,"featured_media":0,"parent":0,"menu_order":0,"comment_status":"closed","ping_status":"closed","template":"","meta":{"_et_pb_use_builder":"on","_et_pb_old_content":"","_et_gb_content_width":"","footnotes":""},"class_list":["post-83","page","type-page","status-publish","hentry"],"_links":{"self":[{"href":"https:\/\/laughing-turing.176-102-65-245.plesk.page\/index.php?rest_route=\/wp\/v2\/pages\/83","targetHints":{"allow":["GET"]}}],"collection":[{"href":"https:\/\/laughing-turing.176-102-65-245.plesk.page\/index.php?rest_route=\/wp\/v2\/pages"}],"about":[{"href":"https:\/\/laughing-turing.176-102-65-245.plesk.page\/index.php?rest_route=\/wp\/v2\/types\/page"}],"author":[{"embeddable":true,"href":"https:\/\/laughing-turing.176-102-65-245.plesk.page\/index.php?rest_route=\/wp\/v2\/users\/1"}],"replies":[{"embeddable":true,"href":"https:\/\/laughing-turing.176-102-65-245.plesk.page\/index.php?rest_route=%2Fwp%2Fv2%2Fcomments&post=83"}],"version-history":[{"count":9,"href":"https:\/\/laughing-turing.176-102-65-245.plesk.page\/index.php?rest_route=\/wp\/v2\/pages\/83\/revisions"}],"predecessor-version":[{"id":139,"href":"https:\/\/laughing-turing.176-102-65-245.plesk.page\/index.php?rest_route=\/wp\/v2\/pages\/83\/revisions\/139"}],"wp:attachment":[{"href":"https:\/\/laughing-turing.176-102-65-245.plesk.page\/index.php?rest_route=%2Fwp%2Fv2%2Fmedia&parent=83"}],"curies":[{"name":"wp","href":"https:\/\/api.w.org\/{rel}","templated":true}]}}