{"id":24,"date":"2023-05-11T09:03:35","date_gmt":"2023-05-11T09:03:35","guid":{"rendered":"https:\/\/laughing-turing.176-102-65-245.plesk.page\/?page_id=24"},"modified":"2023-12-20T08:29:44","modified_gmt":"2023-12-20T08:29:44","slug":"24-2","status":"publish","type":"page","link":"https:\/\/laughing-turing.176-102-65-245.plesk.page\/","title":{"rendered":"Homepage"},"content":{"rendered":"<p>[et_pb_section fb_built=&#8220;1&#8243; _builder_version=&#8220;4.21.0&#8243; _module_preset=&#8220;default&#8220; background_image=&#8220;https:\/\/laughing-turing.176-102-65-245.plesk.page\/wp-content\/uploads\/2023\/12\/pozadi-hlavicka.jpg&#8220; min_height=&#8220;487px&#8220; height=&#8220;522px&#8220; custom_margin=&#8220;||18px|||&#8220; custom_padding=&#8220;||576px|||&#8220; hover_enabled=&#8220;0&#8243; global_colors_info=&#8220;{}&#8220; title_text=&#8220;pozadi-hlavicka&#8220; sticky_enabled=&#8220;0&#8243;][\/et_pb_section][et_pb_section fb_built=&#8220;1&#8243; _builder_version=&#8220;4.21.0&#8243; _module_preset=&#8220;default&#8220; custom_margin=&#8220;-75px||-75px||true|&#8220; custom_padding=&#8220;0px||0px|||&#8220; global_colors_info=&#8220;{}&#8220;][\/et_pb_section][et_pb_section fb_built=&#8220;1&#8243; _builder_version=&#8220;4.21.0&#8243; _module_preset=&#8220;default&#8220; global_colors_info=&#8220;{}&#8220;][et_pb_row column_structure=&#8220;1_2,1_2&#8243; _builder_version=&#8220;4.21.0&#8243; _module_preset=&#8220;default&#8220; min_height=&#8220;381.2px&#8220; global_colors_info=&#8220;{}&#8220;][et_pb_column type=&#8220;1_2&#8243; _builder_version=&#8220;4.21.0&#8243; _module_preset=&#8220;default&#8220; global_colors_info=&#8220;{}&#8220;][et_pb_text _builder_version=&#8220;4.21.0&#8243; _module_preset=&#8220;default&#8220; header_3_text_color=&#8220;#000000&#8243; global_colors_info=&#8220;{}&#8220;]<\/p>\n<h3><strong><\/strong><\/h3>\n<h3><strong>\u00a0<\/strong><\/h3>\n<h3 style=\"text-align: center;\"><strong><\/strong><\/h3>\n<h3 style=\"text-align: center;\"><strong><\/strong><\/h3>\n<h3 style=\"text-align: center;\"><strong><\/strong><\/h3>\n<h3 style=\"text-align: center;\"><strong><\/strong><\/h3>\n<h3 style=\"text-align: center;\"><strong><\/strong><\/h3>\n<h3 style=\"text-align: center;\"><strong>&#8211; v\u00edtejte &#8211; vitajte &#8211; welcome &#8211; willkommen &#8211;<\/strong><\/h3>\n<h3 style=\"text-align: center;\"><strong>&#8211; \u043f\u0440\u0438\u0432\u0435\u0442 &#8211; tervetuloa &#8211; bonjour &#8211; bonvenon &#8211;<\/strong><\/h3>\n<h3 style=\"text-align: center;\"><strong>&#8211; benvenuto &#8211; dobrodo\u0161li &#8211; \u0437\u0434\u0440\u0430\u0441\u0442\u0438 &#8211; aloha &#8211;<\/strong><\/h3>\n<h3 style=\"text-align: center;\"><strong>&#8211; bienvenido &#8211; v\u00e4lkommen &#8211; kar\u015f\u0131lama &#8211;<\/strong>\u00a0<\/h3>\n<h3 style=\"text-align: center;\"><strong>&#8211; ch\u00e0o m\u1eebng b\u1ea1n &#8211; siyakwamukela &#8211;<\/strong><\/h3>\n<h3 style=\"text-align: center;\"><strong>&#8211; \u043f\u0440\u0438\u0432\u0456\u0442 &#8211; croeso &#8211; gratissimum &#8211;<\/strong><\/h3>\n<p>[\/et_pb_text][\/et_pb_column][et_pb_column type=&#8220;1_2&#8243; _builder_version=&#8220;4.21.0&#8243; _module_preset=&#8220;default&#8220; global_colors_info=&#8220;{}&#8220;][et_pb_image src=&#8220;https:\/\/laughing-turing.176-102-65-245.plesk.page\/wp-content\/uploads\/2023\/06\/received_481294159335459.jpeg&#8220; title_text=&#8220;received_481294159335459&#8243; _builder_version=&#8220;4.21.0&#8243; _module_preset=&#8220;default&#8220; global_colors_info=&#8220;{}&#8220;][\/et_pb_image][\/et_pb_column][\/et_pb_row][\/et_pb_section]<\/p>\n","protected":false},"excerpt":{"rendered":"<p>\u00a0 &#8211; v\u00edtejte &#8211; vitajte &#8211; welcome &#8211; willkommen &#8211; &#8211; \u043f\u0440\u0438\u0432\u0435\u0442 &#8211; tervetuloa &#8211; bonjour &#8211; bonvenon &#8211; &#8211; benvenuto &#8211; dobrodo\u0161li &#8211; \u0437\u0434\u0440\u0430\u0441\u0442\u0438 &#8211; aloha &#8211; &#8211; bienvenido &#8211; v\u00e4lkommen &#8211; kar\u015f\u0131lama &#8211;\u00a0 &#8211; ch\u00e0o m\u1eebng b\u1ea1n &#8211; siyakwamukela &#8211; &#8211; \u043f\u0440\u0438\u0432\u0456\u0442 &#8211; croeso &#8211; gratissimum &#8211;<\/p>\n","protected":false},"author":1,"featured_media":0,"parent":0,"menu_order":0,"comment_status":"closed","ping_status":"closed","template":"","meta":{"_et_pb_use_builder":"on","_et_pb_old_content":"<!-- wp:image {\"align\":\"wide\",\"id\":26,\"sizeSlug\":\"large\",\"linkDestination\":\"none\"} -->\n<figure class=\"wp-block-image alignwide size-large\"><img src=\"https:\/\/laughing-turing.176-102-65-245.plesk.page\/wp-content\/uploads\/2023\/05\/page-1-1024x343.jpg\" alt=\"\" class=\"wp-image-26\"\/><\/figure>\n<!-- \/wp:image -->","_et_gb_content_width":"","footnotes":""},"class_list":["post-24","page","type-page","status-publish","hentry"],"_links":{"self":[{"href":"https:\/\/laughing-turing.176-102-65-245.plesk.page\/index.php?rest_route=\/wp\/v2\/pages\/24","targetHints":{"allow":["GET"]}}],"collection":[{"href":"https:\/\/laughing-turing.176-102-65-245.plesk.page\/index.php?rest_route=\/wp\/v2\/pages"}],"about":[{"href":"https:\/\/laughing-turing.176-102-65-245.plesk.page\/index.php?rest_route=\/wp\/v2\/types\/page"}],"author":[{"embeddable":true,"href":"https:\/\/laughing-turing.176-102-65-245.plesk.page\/index.php?rest_route=\/wp\/v2\/users\/1"}],"replies":[{"embeddable":true,"href":"https:\/\/laughing-turing.176-102-65-245.plesk.page\/index.php?rest_route=%2Fwp%2Fv2%2Fcomments&post=24"}],"version-history":[{"count":21,"href":"https:\/\/laughing-turing.176-102-65-245.plesk.page\/index.php?rest_route=\/wp\/v2\/pages\/24\/revisions"}],"predecessor-version":[{"id":138,"href":"https:\/\/laughing-turing.176-102-65-245.plesk.page\/index.php?rest_route=\/wp\/v2\/pages\/24\/revisions\/138"}],"wp:attachment":[{"href":"https:\/\/laughing-turing.176-102-65-245.plesk.page\/index.php?rest_route=%2Fwp%2Fv2%2Fmedia&parent=24"}],"curies":[{"name":"wp","href":"https:\/\/api.w.org\/{rel}","templated":true}]}}