{"id":142,"date":"2023-06-20T13:42:24","date_gmt":"2023-06-20T13:42:24","guid":{"rendered":"https:\/\/laughing-turing.176-102-65-245.plesk.page\/?page_id=142"},"modified":"2023-12-20T09:36:04","modified_gmt":"2023-12-20T09:36:04","slug":"o-me","status":"publish","type":"page","link":"https:\/\/laughing-turing.176-102-65-245.plesk.page\/?page_id=142","title":{"rendered":"O m\u011b"},"content":{"rendered":"<p>[et_pb_section fb_built=&#8220;1&#8243; _builder_version=&#8220;4.21.0&#8243; _module_preset=&#8220;default&#8220; background_image=&#8220;https:\/\/laughing-turing.176-102-65-245.plesk.page\/wp-content\/uploads\/2023\/12\/pozadi-hlavicka.jpg&#8220; min_height=&#8220;522px&#8220; height=&#8220;522px&#8220; custom_margin=&#8220;||18px|||&#8220; custom_padding=&#8220;||587px|||&#8220; global_colors_info=&#8220;{}&#8220;][\/et_pb_section][et_pb_section fb_built=&#8220;1&#8243; _builder_version=&#8220;4.21.0&#8243; _module_preset=&#8220;default&#8220; custom_margin=&#8220;-75px||-75px||true|&#8220; custom_padding=&#8220;0px||0px|||&#8220; global_colors_info=&#8220;{}&#8220;][et_pb_row _builder_version=&#8220;4.21.0&#8243; _module_preset=&#8220;default&#8220; global_colors_info=&#8220;{}&#8220;][et_pb_column type=&#8220;4_4&#8243; _builder_version=&#8220;4.21.0&#8243; _module_preset=&#8220;default&#8220; global_colors_info=&#8220;{}&#8220;][et_pb_text _builder_version=&#8220;4.21.0&#8243; _module_preset=&#8220;default&#8220; text_font=&#8220;|800|||||||&#8220; text_text_color=&#8220;#E09900&#8243; text_font_size=&#8220;30px&#8220; global_colors_info=&#8220;{}&#8220;]<\/p>\n<p>O Milan OK2STM<\/p>\n<p>[\/et_pb_text][\/et_pb_column][\/et_pb_row][\/et_pb_section][et_pb_section fb_built=&#8220;1&#8243; _builder_version=&#8220;4.21.0&#8243; _module_preset=&#8220;default&#8220; global_colors_info=&#8220;{}&#8220;][et_pb_row _builder_version=&#8220;4.21.0&#8243; _module_preset=&#8220;default&#8220; global_colors_info=&#8220;{}&#8220;][et_pb_column type=&#8220;4_4&#8243; _builder_version=&#8220;4.21.0&#8243; _module_preset=&#8220;default&#8220; global_colors_info=&#8220;{}&#8220;][et_pb_text _builder_version=&#8220;4.21.0&#8243; _module_preset=&#8220;default&#8220; custom_padding=&#8220;||0px|||&#8220; global_colors_info=&#8220;{}&#8220;]<\/p>\n<p>Narodil jsem se v D\u011b\u010d\u00edn\u011b. Ve \u010dtvrn\u00e1cti letech jsem nastoupil na VSO\u0160 do Nov\u00e9ho Mesta nad V\u00e1hom, kde jsem studoval krom radiov\u00fdch stanic tak\u00e9 tehdej\u0161\u00ed utajova\u010de (odmaturoval jsem jako technik ZAS). N\u00e1sledn\u011b jsem studoval 5 let vysokou \u0161kolu VVT\u0160 v Liptovsk\u00e9m Mikul\u00e1\u0161i &#8211; spojovac\u00ed fakultu (technick\u00fd sm\u011br).\u00a0Po celou dobu aktivn\u00ed slu\u017eby jsem p\u016fsobil jako spoja\u0159. a\u017e do roku 2004.\u00a0Od t\u00e9 doby pracuji \u00a0jako spr\u00e1vce s\u00edt\u011b. V\u011bnuji se po\u010d\u00edta\u010dov\u00e9 grafice, n\u011bco m\u00e1lo focen\u00ed, tvorb\u011b webov\u00fdch str\u00e1nek, prost\u011b v\u0161e od IT.<\/p>\n<p>Radioamaterskou koncesi jsem z\u00edskal v roce 1998 a od t\u00e9 doby se st\u0159\u00eddav\u011b obla\u010dno ob\u011bvuji na p\u00e1smu KV provoz SSB a CW. V po\u010d\u00e1tc\u00edch jsem velmi \u010dasto vyu\u017e\u00edval i p\u00e1sma VKV. M\u00fdm guru v t\u00e9to radioamatersk\u00e9 \u010dinnosti byl je a bude <strong>L\u00e1\u010fa OK1LO<\/strong>. Byl jsem tak\u00e9 n\u011bkolik let \u010dlenem Chorvatsk\u00e9 kolektivn\u00ed stanice <strong>9A5Y<\/strong> Jana Husa v Daruvaru.<\/p>\n<p>V posledn\u00ed dob\u011b se ob\u010das \u00fa\u010dactn\u00edm mezin\u00e1rodn\u00edch KV z\u00e1vod\u016f (CW+SSB) jako hostuj\u00edc\u00ed oper\u00e1tor kolektivn\u00ed stanice <em>OK5Z<\/em>.<\/p>\n<p>Moje aktu\u00e1ln\u00ed QTH jsou Bo\u0161ovice (jihov\u00fdchodn\u011b od Brna &#8211; le\u010d okres Vy\u0161kov &#8211; z\u00e1vodn\u00ed okresn\u00ed k\u00f3d\u00a0<strong>GVY<\/strong>)<\/p>\n<p>Jsem \u010dlenem \u010cRK a \u010cAV. Od roku 2022 krom standardn\u00edch 100W v\u00fdkon\u016f a vy\u0161\u0161\u00edch v\u00fdkon\u016f, v roce 2017 do 700W a od roku 2022 a\u017e 1,2 KW.<\/p>\n<p>Taky jsem se stal \u010dlenem QRP klubu s \u010d\u00edslem <strong>751<\/strong>.<\/p>\n<p>[\/et_pb_text][\/et_pb_column][\/et_pb_row][et_pb_row column_structure=&#8220;1_6,1_6,1_6,1_6,1_6,1_6&#8243; _builder_version=&#8220;4.21.0&#8243; _module_preset=&#8220;default&#8220; global_colors_info=&#8220;{}&#8220;][et_pb_column type=&#8220;1_6&#8243; _builder_version=&#8220;4.21.0&#8243; _module_preset=&#8220;default&#8220; global_colors_info=&#8220;{}&#8220;][et_pb_image src=&#8220;https:\/\/laughing-turing.176-102-65-245.plesk.page\/wp-content\/uploads\/2023\/12\/C-A-V-logo.jpg&#8220; alt=&#8220;\u010cAV&#8220; title_text=&#8220;\u010c-A-V logo&#8220; url=&#8220;https:\/\/www.c-a-v.com\/&#8220; url_new_window=&#8220;on&#8220; _builder_version=&#8220;4.21.0&#8243; _module_preset=&#8220;default&#8220; global_colors_info=&#8220;{}&#8220;][\/et_pb_image][\/et_pb_column][et_pb_column type=&#8220;1_6&#8243; _builder_version=&#8220;4.21.0&#8243; _module_preset=&#8220;default&#8220; global_colors_info=&#8220;{}&#8220;][et_pb_image src=&#8220;https:\/\/laughing-turing.176-102-65-245.plesk.page\/wp-content\/uploads\/2023\/12\/CRC.png&#8220; alt=&#8220;CRC&#8220; title_text=&#8220;CRC&#8220; url=&#8220;http:\/\/www.crk.cz\/&#8220; url_new_window=&#8220;on&#8220; _builder_version=&#8220;4.21.0&#8243; _module_preset=&#8220;default&#8220; global_colors_info=&#8220;{}&#8220;][\/et_pb_image][\/et_pb_column][et_pb_column type=&#8220;1_6&#8243; _builder_version=&#8220;4.21.0&#8243; _module_preset=&#8220;default&#8220; global_colors_info=&#8220;{}&#8220;][et_pb_image src=&#8220;https:\/\/laughing-turing.176-102-65-245.plesk.page\/wp-content\/uploads\/2023\/12\/QRPlogo.jpg&#8220; alt=&#8220;QRP&#8220; title_text=&#8220;QRPlogo&#8220; url=&#8220;http:\/\/www.okqrp.cz\/&#8220; url_new_window=&#8220;on&#8220; _builder_version=&#8220;4.21.0&#8243; _module_preset=&#8220;default&#8220; global_colors_info=&#8220;{}&#8220;][\/et_pb_image][\/et_pb_column][et_pb_column type=&#8220;1_6&#8243; _builder_version=&#8220;4.21.0&#8243; _module_preset=&#8220;default&#8220; global_colors_info=&#8220;{}&#8220;][et_pb_image src=&#8220;https:\/\/laughing-turing.176-102-65-245.plesk.page\/wp-content\/uploads\/2023\/12\/ok5z.png&#8220; alt=&#8220;OK5Z&#8220; title_text=&#8220;ok5z&#8220; url=&#8220;http:\/\/ok5z.blogspot.com\/&#8220; url_new_window=&#8220;on&#8220; _builder_version=&#8220;4.21.0&#8243; _module_preset=&#8220;default&#8220; global_colors_info=&#8220;{}&#8220;][\/et_pb_image][\/et_pb_column][et_pb_column type=&#8220;1_6&#8243; _builder_version=&#8220;4.21.0&#8243; _module_preset=&#8220;default&#8220; global_colors_info=&#8220;{}&#8220;][et_pb_image src=&#8220;https:\/\/laughing-turing.176-102-65-245.plesk.page\/wp-content\/uploads\/2023\/12\/9a5y.jpg&#8220; alt=&#8220;9A1CCY\/9A5Y&#8220; title_text=&#8220;9a5y&#8220; url=&#8220;http:\/\/web.hamradio.hr\/9a1ccy\/&#8220; url_new_window=&#8220;on&#8220; _builder_version=&#8220;4.21.0&#8243; _module_preset=&#8220;default&#8220; global_colors_info=&#8220;{}&#8220;][\/et_pb_image][\/et_pb_column][et_pb_column type=&#8220;1_6&#8243; _builder_version=&#8220;4.21.0&#8243; _module_preset=&#8220;default&#8220; global_colors_info=&#8220;{}&#8220;][et_pb_image src=&#8220;https:\/\/laughing-turing.176-102-65-245.plesk.page\/wp-content\/uploads\/2023\/06\/received_481294159335459.jpeg&#8220; alt=&#8220;OK2STM&#8220; title_text=&#8220;received_481294159335459&#8243; url=&#8220;https:\/\/laughing-turing.176-102-65-245.plesk.page\/&#8220; _builder_version=&#8220;4.21.0&#8243; _module_preset=&#8220;default&#8220; global_colors_info=&#8220;{}&#8220;][\/et_pb_image][\/et_pb_column][\/et_pb_row][\/et_pb_section]<\/p>\n","protected":false},"excerpt":{"rendered":"<p>O Milan OK2STMNarodil jsem se v D\u011b\u010d\u00edn\u011b. Ve \u010dtvrn\u00e1cti letech jsem nastoupil na VSO\u0160 do Nov\u00e9ho Mesta nad V\u00e1hom, kde jsem studoval krom radiov\u00fdch stanic tak\u00e9 tehdej\u0161\u00ed utajova\u010de (odmaturoval jsem jako technik ZAS). N\u00e1sledn\u011b jsem studoval 5 let vysokou \u0161kolu VVT\u0160 v Liptovsk\u00e9m Mikul\u00e1\u0161i &#8211; spojovac\u00ed fakultu (technick\u00fd sm\u011br).\u00a0Po celou dobu aktivn\u00ed slu\u017eby jsem p\u016fsobil [&hellip;]<\/p>\n","protected":false},"author":1,"featured_media":0,"parent":0,"menu_order":0,"comment_status":"closed","ping_status":"closed","template":"","meta":{"_et_pb_use_builder":"on","_et_pb_old_content":"","_et_gb_content_width":"","footnotes":""},"class_list":["post-142","page","type-page","status-publish","hentry"],"_links":{"self":[{"href":"https:\/\/laughing-turing.176-102-65-245.plesk.page\/index.php?rest_route=\/wp\/v2\/pages\/142","targetHints":{"allow":["GET"]}}],"collection":[{"href":"https:\/\/laughing-turing.176-102-65-245.plesk.page\/index.php?rest_route=\/wp\/v2\/pages"}],"about":[{"href":"https:\/\/laughing-turing.176-102-65-245.plesk.page\/index.php?rest_route=\/wp\/v2\/types\/page"}],"author":[{"embeddable":true,"href":"https:\/\/laughing-turing.176-102-65-245.plesk.page\/index.php?rest_route=\/wp\/v2\/users\/1"}],"replies":[{"embeddable":true,"href":"https:\/\/laughing-turing.176-102-65-245.plesk.page\/index.php?rest_route=%2Fwp%2Fv2%2Fcomments&post=142"}],"version-history":[{"count":3,"href":"https:\/\/laughing-turing.176-102-65-245.plesk.page\/index.php?rest_route=\/wp\/v2\/pages\/142\/revisions"}],"predecessor-version":[{"id":153,"href":"https:\/\/laughing-turing.176-102-65-245.plesk.page\/index.php?rest_route=\/wp\/v2\/pages\/142\/revisions\/153"}],"wp:attachment":[{"href":"https:\/\/laughing-turing.176-102-65-245.plesk.page\/index.php?rest_route=%2Fwp%2Fv2%2Fmedia&parent=142"}],"curies":[{"name":"wp","href":"https:\/\/api.w.org\/{rel}","templated":true}]}}