{"id":120,"date":"2023-06-20T13:42:24","date_gmt":"2023-06-20T13:42:24","guid":{"rendered":"https:\/\/laughing-turing.176-102-65-245.plesk.page\/?page_id=120"},"modified":"2023-12-20T08:31:54","modified_gmt":"2023-12-20T08:31:54","slug":"sluzby","status":"publish","type":"page","link":"https:\/\/laughing-turing.176-102-65-245.plesk.page\/?page_id=120","title":{"rendered":"Slu\u017eby"},"content":{"rendered":"<p>[et_pb_section fb_built=&#8220;1&#8243; _builder_version=&#8220;4.21.0&#8243; _module_preset=&#8220;default&#8220; background_image=&#8220;https:\/\/laughing-turing.176-102-65-245.plesk.page\/wp-content\/uploads\/2023\/12\/pozadi-hlavicka.jpg&#8220; min_height=&#8220;522px&#8220; height=&#8220;522px&#8220; custom_margin=&#8220;||18px|||&#8220; custom_padding=&#8220;||587px|||&#8220; hover_enabled=&#8220;0&#8243; global_colors_info=&#8220;{}&#8220; title_text=&#8220;pozadi-hlavicka&#8220; sticky_enabled=&#8220;0&#8243;][\/et_pb_section][et_pb_section fb_built=&#8220;1&#8243; _builder_version=&#8220;4.21.0&#8243; _module_preset=&#8220;default&#8220; custom_margin=&#8220;-75px||-75px||true|&#8220; custom_padding=&#8220;0px||0px|||&#8220; global_colors_info=&#8220;{}&#8220;][et_pb_row _builder_version=&#8220;4.21.0&#8243; _module_preset=&#8220;default&#8220; global_colors_info=&#8220;{}&#8220;][et_pb_column type=&#8220;4_4&#8243; _builder_version=&#8220;4.21.0&#8243; _module_preset=&#8220;default&#8220; global_colors_info=&#8220;{}&#8220;][et_pb_text _builder_version=&#8220;4.21.0&#8243; _module_preset=&#8220;default&#8220; text_font=&#8220;|800|||||||&#8220; text_text_color=&#8220;#E09900&#8243; text_font_size=&#8220;30px&#8220; global_colors_info=&#8220;{}&#8220;]<\/p>\n<p>SLU\u017dBY<\/p>\n<p>[\/et_pb_text][\/et_pb_column][\/et_pb_row][\/et_pb_section][et_pb_section fb_built=&#8220;1&#8243; _builder_version=&#8220;4.21.0&#8243; _module_preset=&#8220;default&#8220; global_colors_info=&#8220;{}&#8220;][et_pb_row _builder_version=&#8220;4.21.0&#8243; _module_preset=&#8220;default&#8220; global_colors_info=&#8220;{}&#8220;][et_pb_column type=&#8220;4_4&#8243; _builder_version=&#8220;4.21.0&#8243; _module_preset=&#8220;default&#8220; global_colors_info=&#8220;{}&#8220;][et_pb_text _builder_version=&#8220;4.21.0&#8243; _module_preset=&#8220;default&#8220; global_colors_info=&#8220;{}&#8220;]<\/p>\n<ul>\n<li>Dod\u00e1vky IT dle po\u017eadavku z\u00e1kazn\u00edka<\/li>\n<li>Instalace<\/li>\n<li>Z\u00e1loha dat<\/li>\n<li>N\u00e1vrh po\u010d\u00edta\u010dov\u00e9 s\u00edt\u011b<\/li>\n<li>Realizace n\u00e1vrhu po\u010d\u00edta\u010dov\u00e9 s\u00edt\u011b<\/li>\n<li>Dod\u00e1vky a zaji\u0161t\u011bn\u00ed servise kop\u00edrovac\u00edch stroj\u016f<\/li>\n<li>Velkoform\u00e1tov\u00fd tisk &#8211; bulboardy<\/li>\n<li>tisk let\u00e1k\u016f, \u010dasopis\u016f, brpo\u017eur a pod.<\/li>\n<li>V\u00fduka aplikace Microsoft<\/li>\n<li>Grafick\u00e9 pr\u00e1ce<\/li>\n<li>N\u00e1vrhy, tvorba a spr\u00e1va WEB str\u00e1nek<\/li>\n<\/ul>\n<p>[\/et_pb_text][\/et_pb_column][\/et_pb_row][\/et_pb_section]<\/p>\n","protected":false},"excerpt":{"rendered":"<p>SLU\u017dBY Dod\u00e1vky IT dle po\u017eadavku z\u00e1kazn\u00edka Instalace Z\u00e1loha dat N\u00e1vrh po\u010d\u00edta\u010dov\u00e9 s\u00edt\u011b Realizace n\u00e1vrhu po\u010d\u00edta\u010dov\u00e9 s\u00edt\u011b Dod\u00e1vky a zaji\u0161t\u011bn\u00ed servise kop\u00edrovac\u00edch stroj\u016f Velkoform\u00e1tov\u00fd tisk &#8211; bulboardy tisk let\u00e1k\u016f, \u010dasopis\u016f, brpo\u017eur a pod. V\u00fduka aplikace Microsoft Grafick\u00e9 pr\u00e1ce N\u00e1vrhy, tvorba a spr\u00e1va WEB str\u00e1nek<\/p>\n","protected":false},"author":1,"featured_media":0,"parent":0,"menu_order":0,"comment_status":"closed","ping_status":"closed","template":"","meta":{"_et_pb_use_builder":"on","_et_pb_old_content":"","_et_gb_content_width":"","footnotes":""},"class_list":["post-120","page","type-page","status-publish","hentry"],"_links":{"self":[{"href":"https:\/\/laughing-turing.176-102-65-245.plesk.page\/index.php?rest_route=\/wp\/v2\/pages\/120","targetHints":{"allow":["GET"]}}],"collection":[{"href":"https:\/\/laughing-turing.176-102-65-245.plesk.page\/index.php?rest_route=\/wp\/v2\/pages"}],"about":[{"href":"https:\/\/laughing-turing.176-102-65-245.plesk.page\/index.php?rest_route=\/wp\/v2\/types\/page"}],"author":[{"embeddable":true,"href":"https:\/\/laughing-turing.176-102-65-245.plesk.page\/index.php?rest_route=\/wp\/v2\/users\/1"}],"replies":[{"embeddable":true,"href":"https:\/\/laughing-turing.176-102-65-245.plesk.page\/index.php?rest_route=%2Fwp%2Fv2%2Fcomments&post=120"}],"version-history":[{"count":3,"href":"https:\/\/laughing-turing.176-102-65-245.plesk.page\/index.php?rest_route=\/wp\/v2\/pages\/120\/revisions"}],"predecessor-version":[{"id":140,"href":"https:\/\/laughing-turing.176-102-65-245.plesk.page\/index.php?rest_route=\/wp\/v2\/pages\/120\/revisions\/140"}],"wp:attachment":[{"href":"https:\/\/laughing-turing.176-102-65-245.plesk.page\/index.php?rest_route=%2Fwp%2Fv2%2Fmedia&parent=120"}],"curies":[{"name":"wp","href":"https:\/\/api.w.org\/{rel}","templated":true}]}}